{"id":444,"date":"2016-02-19T22:29:37","date_gmt":"2016-02-19T21:29:37","guid":{"rendered":"https:\/\/perso-sdt.univ-brest.fr\/~chazot\/?page_id=444"},"modified":"2024-10-25T10:39:41","modified_gmt":"2024-10-25T08:39:41","slug":"science-fiction","status":"publish","type":"page","link":"https:\/\/perso-sdt.univ-brest.fr\/~chazot\/?page_id=444","title":{"rendered":"SCIENCE-FICTION"},"content":{"rendered":"<p><a href=\"https:\/\/perso-sdt.univ-brest.fr\/~chazot\/wp-content\/uploads\/2016\/02\/Hyperion1.jpg\"  rel=\"lightbox[444] attachment wp-att-454\"><img loading=\"lazy\" decoding=\"async\" class=\"size-medium wp-image-454 aligncenter\" src=\"https:\/\/perso-sdt.univ-brest.fr\/~chazot\/wp-content\/uploads\/2016\/02\/Hyperion1-189x300.jpg\" alt=\"Hyperion1\" width=\"189\" height=\"300\" srcset=\"https:\/\/perso-sdt.univ-brest.fr\/~chazot\/wp-content\/uploads\/2016\/02\/Hyperion1-189x300.jpg 189w, https:\/\/perso-sdt.univ-brest.fr\/~chazot\/wp-content\/uploads\/2016\/02\/Hyperion1-768x1221.jpg 768w, https:\/\/perso-sdt.univ-brest.fr\/~chazot\/wp-content\/uploads\/2016\/02\/Hyperion1-644x1024.jpg 644w, https:\/\/perso-sdt.univ-brest.fr\/~chazot\/wp-content\/uploads\/2016\/02\/Hyperion1.jpg 787w\" sizes=\"auto, (max-width: 189px) 100vw, 189px\" \/><\/a><\/p>\n<p style=\"text-align: justify;\">Un monument ! Le livre de science-fiction que l\u2019on souhaiterait ne pas avoir lu pour avoir le plaisir de le lire. Science-fiction, aventure, po\u00e9sie, et puis le Gritche, figure fascinante qui va vous hanter pendant toute la lecture d\u2019Hyperion, et m\u00eame apr\u00e8s\u2026 Dan Simmons est un ma\u00eetre et Hyperion un chef d\u2019\u0153uvre du genre. Suivi de La Chute d\u2019Hyperion et de Endymion.<\/p>\n<p><a href=\"https:\/\/perso-sdt.univ-brest.fr\/~chazot\/wp-content\/uploads\/2016\/02\/Simmons2.jpg\"  rel=\"lightbox[444] attachment wp-att-455\"><img loading=\"lazy\" decoding=\"async\" class=\"size-medium wp-image-455 aligncenter\" src=\"https:\/\/perso-sdt.univ-brest.fr\/~chazot\/wp-content\/uploads\/2016\/02\/Simmons2-210x300.jpg\" sizes=\"auto, (max-width: 210px) 100vw, 210px\" srcset=\"https:\/\/perso-sdt.univ-brest.fr\/~chazot\/wp-content\/uploads\/2016\/02\/Simmons2-210x300.jpg 210w, https:\/\/perso-sdt.univ-brest.fr\/~chazot\/wp-content\/uploads\/2016\/02\/Simmons2-768x1097.jpg 768w, https:\/\/perso-sdt.univ-brest.fr\/~chazot\/wp-content\/uploads\/2016\/02\/Simmons2-717x1024.jpg 717w, https:\/\/perso-sdt.univ-brest.fr\/~chazot\/wp-content\/uploads\/2016\/02\/Simmons2.jpg 821w\" alt=\"Simmons2\" width=\"210\" height=\"300\" \/><\/a><\/p>\n<p style=\"text-align: justify;\">Compl\u00e8tement diff\u00e9rent de Hyperion, l\u2019Echiquier du Mal nous plonge dans le XX\u00e8me si\u00e8cle et nos soci\u00e9t\u00e9s dans lesquelles agissent des personnages qui ont le Talent et qui fa\u00e7onnent l\u2019histoire. Le premier chapitre est inoubliable, \u00e0 la hauteur du reste du roman qui vous laissera vous interroger sur certains \u00e9pisodes de notre histoire r\u00e9cente\u2026<\/p>\n","protected":false},"excerpt":{"rendered":"<p>Un monument ! Le livre de science-fiction que l\u2019on souhaiterait ne pas avoir lu pour avoir le plaisir de le lire. Science-fiction, aventure, po\u00e9sie, et puis le Gritche, figure fascinante qui va vous hanter pendant toute la lecture d\u2019Hyperion, et m\u00eame apr\u00e8s\u2026 Dan Simmons est un ma\u00eetre et Hyperion un chef d\u2019\u0153uvre du genre. Suivi &hellip; <a href=\"https:\/\/perso-sdt.univ-brest.fr\/~chazot\/?page_id=444\" class=\"more-link\">Continuer la lecture de <span class=\"screen-reader-text\">SCIENCE-FICTION<\/span>  <span class=\"meta-nav\">&rarr;<\/span><\/a><\/p>\n","protected":false},"author":1,"featured_media":0,"parent":409,"menu_order":0,"comment_status":"closed","ping_status":"closed","template":"","meta":{"footnotes":""},"class_list":["post-444","page","type-page","status-publish","hentry"],"_links":{"self":[{"href":"https:\/\/perso-sdt.univ-brest.fr\/~chazot\/index.php?rest_route=\/wp\/v2\/pages\/444","targetHints":{"allow":["GET"]}}],"collection":[{"href":"https:\/\/perso-sdt.univ-brest.fr\/~chazot\/index.php?rest_route=\/wp\/v2\/pages"}],"about":[{"href":"https:\/\/perso-sdt.univ-brest.fr\/~chazot\/index.php?rest_route=\/wp\/v2\/types\/page"}],"author":[{"embeddable":true,"href":"https:\/\/perso-sdt.univ-brest.fr\/~chazot\/index.php?rest_route=\/wp\/v2\/users\/1"}],"replies":[{"embeddable":true,"href":"https:\/\/perso-sdt.univ-brest.fr\/~chazot\/index.php?rest_route=%2Fwp%2Fv2%2Fcomments&post=444"}],"version-history":[{"count":6,"href":"https:\/\/perso-sdt.univ-brest.fr\/~chazot\/index.php?rest_route=\/wp\/v2\/pages\/444\/revisions"}],"predecessor-version":[{"id":970,"href":"https:\/\/perso-sdt.univ-brest.fr\/~chazot\/index.php?rest_route=\/wp\/v2\/pages\/444\/revisions\/970"}],"up":[{"embeddable":true,"href":"https:\/\/perso-sdt.univ-brest.fr\/~chazot\/index.php?rest_route=\/wp\/v2\/pages\/409"}],"wp:attachment":[{"href":"https:\/\/perso-sdt.univ-brest.fr\/~chazot\/index.php?rest_route=%2Fwp%2Fv2%2Fmedia&parent=444"}],"curies":[{"name":"wp","href":"https:\/\/api.w.org\/{rel}","templated":true}]}}